{"id":8484,"date":"2023-12-01T10:43:06","date_gmt":"2023-12-01T09:43:06","guid":{"rendered":"https:\/\/fahrschulesafe.de\/aktuelles-copy\/"},"modified":"2024-03-04T15:53:46","modified_gmt":"2024-03-04T15:53:46","slug":"unsere-erfolge","status":"publish","type":"page","link":"https:\/\/fahrschulesafe.de\/en\/unsere-erfolge\/","title":{"rendered":"Our Successes"},"content":{"rendered":"<div data-elementor-type=\"wp-page\" data-elementor-id=\"8484\" class=\"elementor elementor-8484\">\n\t\t\t\t\t\t<section class=\"elementor-section elementor-top-section elementor-element elementor-element-4998ef84 elementor-section-boxed elementor-section-height-default elementor-section-height-default\" data-id=\"4998ef84\" data-element_type=\"section\">\n\t\t\t\t\t\t<div class=\"elementor-container elementor-column-gap-default\">\n\t\t\t\t\t<div class=\"elementor-column elementor-col-100 elementor-top-column elementor-element elementor-element-3762f64\" data-id=\"3762f64\" data-element_type=\"column\">\n\t\t\t<div class=\"elementor-widget-wrap elementor-element-populated\">\n\t\t\t\t\t\t<div class=\"elementor-element elementor-element-d56190e animated-fast elementor-invisible elementor-widget elementor-widget-heading\" data-id=\"d56190e\" data-element_type=\"widget\" data-settings=\"{&quot;_animation&quot;:&quot;fadeInUp&quot;}\" data-widget_type=\"heading.default\">\n\t\t\t\t<div class=\"elementor-widget-container\">\n\t\t\t\t\t<h1 class=\"elementor-heading-title elementor-size-default\">Successful Students from Fahrschule Safe<\/h1>\t\t\t\t<\/div>\n\t\t\t\t<\/div>\n\t\t\t\t<div class=\"elementor-element elementor-element-ddd5f13 animated-fast elementor-invisible elementor-widget elementor-widget-text-editor\" data-id=\"ddd5f13\" data-element_type=\"widget\" data-settings=\"{&quot;_animation&quot;:&quot;fadeInUp&quot;}\" data-widget_type=\"text-editor.default\">\n\t\t\t\t<div class=\"elementor-widget-container\">\n\t\t\t\t\t\t\t\t\t<p>For us, it is not only important to prepare our students for their exams, but also to celebrate their successes. On this page we proudly present the faces of our successful graduates.<br \/><br \/>We would like to see you also here!<\/p>\t\t\t\t\t\t\t\t<\/div>\n\t\t\t\t<\/div>\n\t\t\t\t<div class=\"elementor-element elementor-element-f0d143f gallery-spacing-custom elementor-widget elementor-widget-image-gallery\" data-id=\"f0d143f\" data-element_type=\"widget\" data-widget_type=\"image-gallery.default\">\n\t\t\t\t<div class=\"elementor-widget-container\">\n\t\t\t\t\t\t\t<div class=\"elementor-image-gallery\">\n\t\t\t<div id='gallery-1' class='gallery galleryid-8484 gallery-columns-4 gallery-size-medium'><figure class='gallery-item'>\n\t\t\t<div class='gallery-icon landscape'>\n\t\t\t\t<a data-elementor-open-lightbox=\"yes\" data-elementor-lightbox-slideshow=\"f0d143f\" data-elementor-lightbox-title=\"2024-03-04_164154\" data-e-action-hash=\"#elementor-action%3Aaction%3Dlightbox%26settings%3DeyJpZCI6ODg4MywidXJsIjoiaHR0cHM6XC9cL2ZhaHJzY2h1bGVzYWZlLmRlXC93cC1jb250ZW50XC91cGxvYWRzXC8yMDI0XC8wM1wvMjAyNC0wMy0wNF8xNjQxNTQuanBnIiwic2xpZGVzaG93IjoiZjBkMTQzZiJ9\" href='https:\/\/fahrschulesafe.de\/wp-content\/uploads\/2024\/03\/2024-03-04_164154.jpg'><img fetchpriority=\"high\" decoding=\"async\" width=\"300\" height=\"204\" src=\"https:\/\/fahrschulesafe.de\/wp-content\/uploads\/2024\/03\/2024-03-04_164154-300x204.jpg\" class=\"attachment-medium size-medium\" alt=\"\" srcset=\"https:\/\/fahrschulesafe.de\/wp-content\/uploads\/2024\/03\/2024-03-04_164154-300x204.jpg 300w, https:\/\/fahrschulesafe.de\/wp-content\/uploads\/2024\/03\/2024-03-04_164154-1024x695.jpg 1024w, https:\/\/fahrschulesafe.de\/wp-content\/uploads\/2024\/03\/2024-03-04_164154-768x521.jpg 768w, https:\/\/fahrschulesafe.de\/wp-content\/uploads\/2024\/03\/2024-03-04_164154-1536x1043.jpg 1536w, https:\/\/fahrschulesafe.de\/wp-content\/uploads\/2024\/03\/2024-03-04_164154-18x12.jpg 18w, https:\/\/fahrschulesafe.de\/wp-content\/uploads\/2024\/03\/2024-03-04_164154.jpg 1744w\" sizes=\"(max-width: 300px) 100vw, 300px\" \/><\/a>\n\t\t\t<\/div><\/figure><figure class='gallery-item'>\n\t\t\t<div class='gallery-icon portrait'>\n\t\t\t\t<a data-elementor-open-lightbox=\"yes\" data-elementor-lightbox-slideshow=\"f0d143f\" data-elementor-lightbox-title=\"WhatsApp Image 2024-02-16 at 12.30.00\" data-e-action-hash=\"#elementor-action%3Aaction%3Dlightbox%26settings%3DeyJpZCI6ODg4NSwidXJsIjoiaHR0cHM6XC9cL2ZhaHJzY2h1bGVzYWZlLmRlXC93cC1jb250ZW50XC91cGxvYWRzXC8yMDI0XC8wM1wvV2hhdHNBcHAtSW1hZ2UtMjAyNC0wMi0xNi1hdC0xMi4zMC4wMC0xLmpwZWciLCJzbGlkZXNob3ciOiJmMGQxNDNmIn0%3D\" href='https:\/\/fahrschulesafe.de\/wp-content\/uploads\/2024\/03\/WhatsApp-Image-2024-02-16-at-12.30.00-1.jpeg'><img decoding=\"async\" width=\"225\" height=\"300\" src=\"https:\/\/fahrschulesafe.de\/wp-content\/uploads\/2024\/03\/WhatsApp-Image-2024-02-16-at-12.30.00-1-225x300.jpeg\" class=\"attachment-medium size-medium\" alt=\"\" srcset=\"https:\/\/fahrschulesafe.de\/wp-content\/uploads\/2024\/03\/WhatsApp-Image-2024-02-16-at-12.30.00-1-225x300.jpeg 225w, https:\/\/fahrschulesafe.de\/wp-content\/uploads\/2024\/03\/WhatsApp-Image-2024-02-16-at-12.30.00-1-768x1024.jpeg 768w, https:\/\/fahrschulesafe.de\/wp-content\/uploads\/2024\/03\/WhatsApp-Image-2024-02-16-at-12.30.00-1-1152x1536.jpeg 1152w, https:\/\/fahrschulesafe.de\/wp-content\/uploads\/2024\/03\/WhatsApp-Image-2024-02-16-at-12.30.00-1-9x12.jpeg 9w, https:\/\/fahrschulesafe.de\/wp-content\/uploads\/2024\/03\/WhatsApp-Image-2024-02-16-at-12.30.00-1.jpeg 1200w\" sizes=\"(max-width: 225px) 100vw, 225px\" \/><\/a>\n\t\t\t<\/div><\/figure><figure class='gallery-item'>\n\t\t\t<div class='gallery-icon landscape'>\n\t\t\t\t<a data-elementor-open-lightbox=\"yes\" data-elementor-lightbox-slideshow=\"f0d143f\" data-elementor-lightbox-title=\"Foto_2024-03-04_164328\" data-e-action-hash=\"#elementor-action%3Aaction%3Dlightbox%26settings%3DeyJpZCI6ODg4NiwidXJsIjoiaHR0cHM6XC9cL2ZhaHJzY2h1bGVzYWZlLmRlXC93cC1jb250ZW50XC91cGxvYWRzXC8yMDI0XC8wM1wvRm90b18yMDI0LTAzLTA0XzE2NDMyOC5qcGciLCJzbGlkZXNob3ciOiJmMGQxNDNmIn0%3D\" href='https:\/\/fahrschulesafe.de\/wp-content\/uploads\/2024\/03\/Foto_2024-03-04_164328.jpg'><img decoding=\"async\" width=\"300\" height=\"201\" src=\"https:\/\/fahrschulesafe.de\/wp-content\/uploads\/2024\/03\/Foto_2024-03-04_164328-300x201.jpg\" class=\"attachment-medium size-medium\" alt=\"\" srcset=\"https:\/\/fahrschulesafe.de\/wp-content\/uploads\/2024\/03\/Foto_2024-03-04_164328-300x201.jpg 300w, https:\/\/fahrschulesafe.de\/wp-content\/uploads\/2024\/03\/Foto_2024-03-04_164328-1024x686.jpg 1024w, https:\/\/fahrschulesafe.de\/wp-content\/uploads\/2024\/03\/Foto_2024-03-04_164328-768x514.jpg 768w, https:\/\/fahrschulesafe.de\/wp-content\/uploads\/2024\/03\/Foto_2024-03-04_164328-1536x1029.jpg 1536w, https:\/\/fahrschulesafe.de\/wp-content\/uploads\/2024\/03\/Foto_2024-03-04_164328-18x12.jpg 18w, https:\/\/fahrschulesafe.de\/wp-content\/uploads\/2024\/03\/Foto_2024-03-04_164328.jpg 1744w\" sizes=\"(max-width: 300px) 100vw, 300px\" \/><\/a>\n\t\t\t<\/div><\/figure><figure class='gallery-item'>\n\t\t\t<div class='gallery-icon portrait'>\n\t\t\t\t<a data-elementor-open-lightbox=\"yes\" data-elementor-lightbox-slideshow=\"f0d143f\" data-elementor-lightbox-title=\"Foto_2024-03-04_164421\" data-e-action-hash=\"#elementor-action%3Aaction%3Dlightbox%26settings%3DeyJpZCI6ODg5MCwidXJsIjoiaHR0cHM6XC9cL2ZhaHJzY2h1bGVzYWZlLmRlXC93cC1jb250ZW50XC91cGxvYWRzXC8yMDI0XC8wM1wvRm90b18yMDI0LTAzLTA0XzE2NDQyMS5qcGciLCJzbGlkZXNob3ciOiJmMGQxNDNmIn0%3D\" href='https:\/\/fahrschulesafe.de\/wp-content\/uploads\/2024\/03\/Foto_2024-03-04_164421.jpg'><img loading=\"lazy\" decoding=\"async\" width=\"279\" height=\"300\" src=\"https:\/\/fahrschulesafe.de\/wp-content\/uploads\/2024\/03\/Foto_2024-03-04_164421-279x300.jpg\" class=\"attachment-medium size-medium\" alt=\"\" srcset=\"https:\/\/fahrschulesafe.de\/wp-content\/uploads\/2024\/03\/Foto_2024-03-04_164421-279x300.jpg 279w, https:\/\/fahrschulesafe.de\/wp-content\/uploads\/2024\/03\/Foto_2024-03-04_164421-953x1024.jpg 953w, https:\/\/fahrschulesafe.de\/wp-content\/uploads\/2024\/03\/Foto_2024-03-04_164421-768x826.jpg 768w, https:\/\/fahrschulesafe.de\/wp-content\/uploads\/2024\/03\/Foto_2024-03-04_164421-11x12.jpg 11w, https:\/\/fahrschulesafe.de\/wp-content\/uploads\/2024\/03\/Foto_2024-03-04_164421.jpg 1280w\" sizes=\"(max-width: 279px) 100vw, 279px\" \/><\/a>\n\t\t\t<\/div><\/figure><figure class='gallery-item'>\n\t\t\t<div class='gallery-icon landscape'>\n\t\t\t\t<a data-elementor-open-lightbox=\"yes\" data-elementor-lightbox-slideshow=\"f0d143f\" data-elementor-lightbox-title=\"2024-03-04_164454\" data-e-action-hash=\"#elementor-action%3Aaction%3Dlightbox%26settings%3DeyJpZCI6ODg5MSwidXJsIjoiaHR0cHM6XC9cL2ZhaHJzY2h1bGVzYWZlLmRlXC93cC1jb250ZW50XC91cGxvYWRzXC8yMDI0XC8wM1wvMjAyNC0wMy0wNF8xNjQ0NTQuanBnIiwic2xpZGVzaG93IjoiZjBkMTQzZiJ9\" href='https:\/\/fahrschulesafe.de\/wp-content\/uploads\/2024\/03\/2024-03-04_164454.jpg'><img loading=\"lazy\" decoding=\"async\" width=\"300\" height=\"195\" src=\"https:\/\/fahrschulesafe.de\/wp-content\/uploads\/2024\/03\/2024-03-04_164454-300x195.jpg\" class=\"attachment-medium size-medium\" alt=\"\" srcset=\"https:\/\/fahrschulesafe.de\/wp-content\/uploads\/2024\/03\/2024-03-04_164454-300x195.jpg 300w, https:\/\/fahrschulesafe.de\/wp-content\/uploads\/2024\/03\/2024-03-04_164454-1024x664.jpg 1024w, https:\/\/fahrschulesafe.de\/wp-content\/uploads\/2024\/03\/2024-03-04_164454-768x498.jpg 768w, https:\/\/fahrschulesafe.de\/wp-content\/uploads\/2024\/03\/2024-03-04_164454-1536x996.jpg 1536w, https:\/\/fahrschulesafe.de\/wp-content\/uploads\/2024\/03\/2024-03-04_164454-18x12.jpg 18w, https:\/\/fahrschulesafe.de\/wp-content\/uploads\/2024\/03\/2024-03-04_164454.jpg 1776w\" sizes=\"(max-width: 300px) 100vw, 300px\" \/><\/a>\n\t\t\t<\/div><\/figure><figure class='gallery-item'>\n\t\t\t<div class='gallery-icon portrait'>\n\t\t\t\t<a data-elementor-open-lightbox=\"yes\" data-elementor-lightbox-slideshow=\"f0d143f\" data-elementor-lightbox-title=\"WhatsApp Image 2024-02-20 at 11.00.55\" data-e-action-hash=\"#elementor-action%3Aaction%3Dlightbox%26settings%3DeyJpZCI6ODg5MywidXJsIjoiaHR0cHM6XC9cL2ZhaHJzY2h1bGVzYWZlLmRlXC93cC1jb250ZW50XC91cGxvYWRzXC8yMDI0XC8wM1wvV2hhdHNBcHAtSW1hZ2UtMjAyNC0wMi0yMC1hdC0xMS4wMC41NS5qcGVnIiwic2xpZGVzaG93IjoiZjBkMTQzZiJ9\" href='https:\/\/fahrschulesafe.de\/wp-content\/uploads\/2024\/03\/WhatsApp-Image-2024-02-20-at-11.00.55.jpeg'><img loading=\"lazy\" decoding=\"async\" width=\"169\" height=\"300\" src=\"https:\/\/fahrschulesafe.de\/wp-content\/uploads\/2024\/03\/WhatsApp-Image-2024-02-20-at-11.00.55-169x300.jpeg\" class=\"attachment-medium size-medium\" alt=\"\" srcset=\"https:\/\/fahrschulesafe.de\/wp-content\/uploads\/2024\/03\/WhatsApp-Image-2024-02-20-at-11.00.55-169x300.jpeg 169w, https:\/\/fahrschulesafe.de\/wp-content\/uploads\/2024\/03\/WhatsApp-Image-2024-02-20-at-11.00.55-576x1024.jpeg 576w, https:\/\/fahrschulesafe.de\/wp-content\/uploads\/2024\/03\/WhatsApp-Image-2024-02-20-at-11.00.55-768x1365.jpeg 768w, https:\/\/fahrschulesafe.de\/wp-content\/uploads\/2024\/03\/WhatsApp-Image-2024-02-20-at-11.00.55-864x1536.jpeg 864w, https:\/\/fahrschulesafe.de\/wp-content\/uploads\/2024\/03\/WhatsApp-Image-2024-02-20-at-11.00.55-7x12.jpeg 7w, https:\/\/fahrschulesafe.de\/wp-content\/uploads\/2024\/03\/WhatsApp-Image-2024-02-20-at-11.00.55.jpeg 900w\" sizes=\"(max-width: 169px) 100vw, 169px\" \/><\/a>\n\t\t\t<\/div><\/figure><figure class='gallery-item'>\n\t\t\t<div class='gallery-icon portrait'>\n\t\t\t\t<a data-elementor-open-lightbox=\"yes\" data-elementor-lightbox-slideshow=\"f0d143f\" data-elementor-lightbox-title=\"WhatsApp Image 2024-02-24 at 12.25.27\" data-e-action-hash=\"#elementor-action%3Aaction%3Dlightbox%26settings%3DeyJpZCI6ODg5NCwidXJsIjoiaHR0cHM6XC9cL2ZhaHJzY2h1bGVzYWZlLmRlXC93cC1jb250ZW50XC91cGxvYWRzXC8yMDI0XC8wM1wvV2hhdHNBcHAtSW1hZ2UtMjAyNC0wMi0yNC1hdC0xMi4yNS4yNy5qcGVnIiwic2xpZGVzaG93IjoiZjBkMTQzZiJ9\" href='https:\/\/fahrschulesafe.de\/wp-content\/uploads\/2024\/03\/WhatsApp-Image-2024-02-24-at-12.25.27.jpeg'><img loading=\"lazy\" decoding=\"async\" width=\"225\" height=\"300\" src=\"https:\/\/fahrschulesafe.de\/wp-content\/uploads\/2024\/03\/WhatsApp-Image-2024-02-24-at-12.25.27-225x300.jpeg\" class=\"attachment-medium size-medium\" alt=\"\" srcset=\"https:\/\/fahrschulesafe.de\/wp-content\/uploads\/2024\/03\/WhatsApp-Image-2024-02-24-at-12.25.27-225x300.jpeg 225w, https:\/\/fahrschulesafe.de\/wp-content\/uploads\/2024\/03\/WhatsApp-Image-2024-02-24-at-12.25.27-768x1024.jpeg 768w, https:\/\/fahrschulesafe.de\/wp-content\/uploads\/2024\/03\/WhatsApp-Image-2024-02-24-at-12.25.27-1152x1536.jpeg 1152w, https:\/\/fahrschulesafe.de\/wp-content\/uploads\/2024\/03\/WhatsApp-Image-2024-02-24-at-12.25.27-9x12.jpeg 9w, https:\/\/fahrschulesafe.de\/wp-content\/uploads\/2024\/03\/WhatsApp-Image-2024-02-24-at-12.25.27.jpeg 1200w\" sizes=\"(max-width: 225px) 100vw, 225px\" \/><\/a>\n\t\t\t<\/div><\/figure><figure class='gallery-item'>\n\t\t\t<div class='gallery-icon landscape'>\n\t\t\t\t<a data-elementor-open-lightbox=\"yes\" data-elementor-lightbox-slideshow=\"f0d143f\" data-elementor-lightbox-title=\"21222\" data-e-action-hash=\"#elementor-action%3Aaction%3Dlightbox%26settings%3DeyJpZCI6ODg5NywidXJsIjoiaHR0cHM6XC9cL2ZhaHJzY2h1bGVzYWZlLmRlXC93cC1jb250ZW50XC91cGxvYWRzXC8yMDI0XC8wM1wvMjEyMjIuanBnIiwic2xpZGVzaG93IjoiZjBkMTQzZiJ9\" href='https:\/\/fahrschulesafe.de\/wp-content\/uploads\/2024\/03\/21222.jpg'><img loading=\"lazy\" decoding=\"async\" width=\"300\" height=\"287\" src=\"https:\/\/fahrschulesafe.de\/wp-content\/uploads\/2024\/03\/21222-300x287.jpg\" class=\"attachment-medium size-medium\" alt=\"\" srcset=\"https:\/\/fahrschulesafe.de\/wp-content\/uploads\/2024\/03\/21222-300x287.jpg 300w, https:\/\/fahrschulesafe.de\/wp-content\/uploads\/2024\/03\/21222-1024x978.jpg 1024w, https:\/\/fahrschulesafe.de\/wp-content\/uploads\/2024\/03\/21222-768x734.jpg 768w, https:\/\/fahrschulesafe.de\/wp-content\/uploads\/2024\/03\/21222-13x12.jpg 13w, https:\/\/fahrschulesafe.de\/wp-content\/uploads\/2024\/03\/21222.jpg 1170w\" sizes=\"(max-width: 300px) 100vw, 300px\" \/><\/a>\n\t\t\t<\/div><\/figure>\n\t\t<\/div>\n\t\t<\/div>\n\t\t\t\t\t\t<\/div>\n\t\t\t\t<\/div>\n\t\t\t\t\t<\/div>\n\t\t<\/div>\n\t\t\t\t\t<\/div>\n\t\t<\/section>\n\t\t<div class=\"elementor-element elementor-element-5ade49f e-flex e-con-boxed e-con e-parent\" data-id=\"5ade49f\" data-element_type=\"container\">\n\t\t\t\t\t<div class=\"e-con-inner\">\n\t\t\t\t<div class=\"elementor-element elementor-element-c4b80bb elementor-widget elementor-widget-image\" data-id=\"c4b80bb\" data-element_type=\"widget\" data-widget_type=\"image.default\">\n\t\t\t\t<div class=\"elementor-widget-container\">\n\t\t\t\t\t\t\t\t\t\t\t\t\t\t\t<img decoding=\"async\" src=\"https:\/\/fahrschulesafe.de\/wp-content\/plugins\/elementor\/assets\/images\/placeholder.png\" title=\"\" alt=\"\" loading=\"lazy\" \/>\t\t\t\t\t\t\t\t\t\t\t\t\t\t\t<\/div>\n\t\t\t\t<\/div>\n\t\t\t\t\t<\/div>\n\t\t\t\t<\/div>\n\t\t\t\t<\/div>\n\t\t\n    <div class=\"xs_social_share_widget xs_share_url after_content \t\tmain_content  wslu-style-1 wslu-share-box-shaped wslu-fill-colored wslu-none wslu-share-horizontal wslu-theme-font-no wslu-main_content\">\n\n\t\t\n        <ul>\n\t\t\t        <\/ul>\n    <\/div>","protected":false},"excerpt":{"rendered":"<p>Erfolgreiche Fahrsch\u00fcler von Fahrschule Safe In der Fahrschule Safe sind wir nicht nur darauf bedacht, unsere Sch\u00fcler auf die Pr\u00fcfung vorzubereiten, sondern wir feiern auch ihre Erfolge. Auf dieser Seite [&hellip;]<\/p>\n","protected":false},"author":1,"featured_media":0,"parent":0,"menu_order":0,"comment_status":"closed","ping_status":"closed","template":"","meta":{"postBodyCss":"","postBodyMargin":[],"postBodyPadding":[],"postBodyBackground":{"backgroundType":"classic","gradient":""},"footnotes":""},"_links":{"self":[{"href":"https:\/\/fahrschulesafe.de\/en\/wp-json\/wp\/v2\/pages\/8484"}],"collection":[{"href":"https:\/\/fahrschulesafe.de\/en\/wp-json\/wp\/v2\/pages"}],"about":[{"href":"https:\/\/fahrschulesafe.de\/en\/wp-json\/wp\/v2\/types\/page"}],"author":[{"embeddable":true,"href":"https:\/\/fahrschulesafe.de\/en\/wp-json\/wp\/v2\/users\/1"}],"replies":[{"embeddable":true,"href":"https:\/\/fahrschulesafe.de\/en\/wp-json\/wp\/v2\/comments?post=8484"}],"version-history":[{"count":10,"href":"https:\/\/fahrschulesafe.de\/en\/wp-json\/wp\/v2\/pages\/8484\/revisions"}],"predecessor-version":[{"id":8900,"href":"https:\/\/fahrschulesafe.de\/en\/wp-json\/wp\/v2\/pages\/8484\/revisions\/8900"}],"wp:attachment":[{"href":"https:\/\/fahrschulesafe.de\/en\/wp-json\/wp\/v2\/media?parent=8484"}],"curies":[{"name":"wp","href":"https:\/\/api.w.org\/{rel}","templated":true}]}}