{"id":43,"date":"2019-09-17T11:46:43","date_gmt":"2019-09-17T09:46:43","guid":{"rendered":"https:\/\/brings-online.com\/demo\/wordpress-theme-fahrschule\/?page_id=43"},"modified":"2025-09-08T11:20:29","modified_gmt":"2025-09-08T11:20:29","slug":"preise","status":"publish","type":"page","link":"https:\/\/fahrschulesafe.de\/en\/preise\/","title":{"rendered":"Costs"},"content":{"rendered":"<div data-elementor-type=\"wp-page\" data-elementor-id=\"43\" class=\"elementor elementor-43\">\n\t\t\t\t\t\t<section class=\"elementor-section elementor-top-section elementor-element elementor-element-afd790f elementor-section-content-middle elementor-hidden-desktop elementor-hidden-tablet elementor-hidden-mobile elementor-section-boxed elementor-section-height-default elementor-section-height-default\" data-id=\"afd790f\" data-element_type=\"section\" data-settings=\"{&quot;background_background&quot;:&quot;classic&quot;}\">\n\t\t\t\t\t\t\t<div class=\"elementor-background-overlay\"><\/div>\n\t\t\t\t\t\t\t<div class=\"elementor-container elementor-column-gap-wide\">\n\t\t\t\t\t<div class=\"elementor-column elementor-col-100 elementor-top-column elementor-element elementor-element-30d9ab59\" data-id=\"30d9ab59\" data-element_type=\"column\">\n\t\t\t<div class=\"elementor-widget-wrap elementor-element-populated\">\n\t\t\t\t\t\t<div class=\"elementor-element elementor-element-3f8fa2a7 elementor-invisible elementor-widget elementor-widget-heading\" data-id=\"3f8fa2a7\" data-element_type=\"widget\" data-settings=\"{&quot;_animation&quot;:&quot;fadeIn&quot;,&quot;_animation_delay&quot;:100}\" data-widget_type=\"heading.default\">\n\t\t\t\t<div class=\"elementor-widget-container\">\n\t\t\t\t\t<h2 class=\"elementor-heading-title elementor-size-default\">Unsere Angebote<\/h2>\t\t\t\t<\/div>\n\t\t\t\t<\/div>\n\t\t\t\t<div class=\"elementor-element elementor-element-463d4d5c elementor-widget-divider--view-line elementor-invisible elementor-widget elementor-widget-divider\" data-id=\"463d4d5c\" data-element_type=\"widget\" data-settings=\"{&quot;_animation&quot;:&quot;fadeIn&quot;,&quot;_animation_delay&quot;:300}\" data-widget_type=\"divider.default\">\n\t\t\t\t<div class=\"elementor-widget-container\">\n\t\t\t\t\t\t\t<div class=\"elementor-divider\">\n\t\t\t<span class=\"elementor-divider-separator\">\n\t\t\t\t\t\t<\/span>\n\t\t<\/div>\n\t\t\t\t\t\t<\/div>\n\t\t\t\t<\/div>\n\t\t\t\t<div class=\"elementor-element elementor-element-5a8b95f8 elementor-invisible elementor-widget elementor-widget-heading\" data-id=\"5a8b95f8\" data-element_type=\"widget\" data-settings=\"{&quot;_animation&quot;:&quot;fadeIn&quot;,&quot;_animation_delay&quot;:150}\" data-widget_type=\"heading.default\">\n\t\t\t\t<div class=\"elementor-widget-container\">\n\t\t\t\t\t<h2 class=\"elementor-heading-title elementor-size-default\">Register now and don't miss out!<\/h2>\t\t\t\t<\/div>\n\t\t\t\t<\/div>\n\t\t\t\t<section class=\"elementor-section elementor-inner-section elementor-element elementor-element-7360d28 envato-kit-141-top-0 envato-kit-141-bottom-8 elementor-section-content-middle elementor-section-boxed elementor-section-height-default elementor-section-height-default\" data-id=\"7360d28\" data-element_type=\"section\">\n\t\t\t\t\t\t<div class=\"elementor-container elementor-column-gap-extended\">\n\t\t\t\t\t<div class=\"elementor-column elementor-col-100 elementor-inner-column elementor-element elementor-element-5612b9a\" data-id=\"5612b9a\" data-element_type=\"column\" data-settings=\"{&quot;background_background&quot;:&quot;classic&quot;}\">\n\t\t\t<div class=\"elementor-widget-wrap\">\n\t\t\t\t\t\t\t<\/div>\n\t\t<\/div>\n\t\t\t\t\t<\/div>\n\t\t<\/section>\n\t\t\t\t\t<\/div>\n\t\t<\/div>\n\t\t\t\t\t<\/div>\n\t\t<\/section>\n\t\t<div class=\"elementor-element elementor-element-7b961609 e-con-full e-flex e-con e-parent\" data-id=\"7b961609\" data-element_type=\"container\">\n\t\t\t\t<div class=\"elementor-element elementor-element-7abb1875 elementor-widget elementor-widget-text-editor\" data-id=\"7abb1875\" data-element_type=\"widget\" data-widget_type=\"text-editor.default\">\n\t\t\t\t<div class=\"elementor-widget-container\">\n\t\t\t\t\t\t\t\t\t<p><style>\n  \/* Basis-Tabellenstile *\/<br \/>  table {<br \/>    width: 100%;<br \/>    border-collapse: collapse;<br \/>    margin-bottom: 1em;<br \/>  }<br \/>  th, td {<br \/>    border: 1px solid black;<br \/>    padding: 0.5em;<br \/>    text-align: left;<br \/>  }<br \/>  th {<br \/>    background-color: #f2f2f2;<br \/>  }<\/p>\n<p>  \/* Responsive Styling *\/<br \/>  @media screen and (max-width: 600px) {<br \/>    \/* F\u00fcr Bildschirme kleiner als 600px *\/<br \/>    table, thead, tbody, th, td, tr {<br \/>      display: block;<br \/>    }<br \/>    thead tr {<br \/>      position: absolute;<br \/>      top: -9999px;<br \/>      left: -9999px;<br \/>    }<br \/>    tr { border: 1px solid #ccc; }<br \/>    td {<br \/>      \/* Jede Zelle ist nun ein Block auf der neuen Zeile *\/<br \/>      border: none;<br \/>      border-bottom: 1px solid #eee;<br \/>      position: relative;<br \/>      padding-left: 50%;<br \/>      min-height: 1.2em;<br \/>    }<br \/>    td:before {<br \/>      \/* F\u00fcge eine \"Label\" f\u00fcr jede Zelle hinzu *\/<br \/>      position: absolute;<br \/>      top: 0;<br \/>      left: 6px;<br \/>      width: 45%;<br \/>      padding-right: 10px;<br \/>      white-space: nowrap;<br \/>      text-align: left;<br \/>      font-weight: bold;<br \/>    }<br \/>    \/* Gib jedem \"Label\" den Text entsprechend seiner Spalte *\/<br \/>    td:before { content: attr(data-title); }<br \/>  }<br \/><\/style><\/p><p><style>\n<p>@media screen and (max-width: 600px) {<br \/>  \/* Versteckt die Kopfzeile auf kleinen Bildschirmen *\/<br \/>  thead tr {<br \/>    display: none;<br \/>  }<\/p>\n<p>  \/* Wandelt die Tabelle f\u00fcr kleine Bildschirme um *\/<br \/>  table, thead, tbody, th, td, tr {<br \/>    display: block;<br \/>  }<\/p>\n<p>  tr {<br \/>    margin-bottom: 0.625em;<br \/>  }<\/p>\n<p>  td {<br \/>    \/* Jede Zelle ist nun ein Block auf der neuen Zeile *\/<br \/>    border: none;<br \/>    position: relative;<br \/>    padding-left: 50%;<br \/>    text-align: left;<br \/>  }<\/p>\n<p>  td:before {<br \/>    \/* F\u00fcge eine \"Label\" f\u00fcr jede Zelle hinzu, basierend auf dem data-title Attribut *\/<br \/>    content: attr(data-title);<br \/>    position: absolute;<br \/>    left: 10px;<br \/>    font-weight: bold;<br \/>  }<br \/>}<\/p>\n<p>  table {<br \/>    width: 100%;<br \/>    border-collapse: collapse;<br \/>  }<br \/>  th, td {<br \/>    border: 1px solid black;<br \/>    padding: 8px;<br \/>    text-align: left;<br \/>  }<br \/>  th {<br \/>    background-color: #f2f2f2;<br \/>  }<\/p>\n<p>  @media (max-width: 768px) {<br \/>    \/* F\u00fcr Bildschirme kleiner als 768px *\/<br \/>    th, td {<br \/>      display: block;<br \/>      width: 100%;<br \/>    }<br \/>    tr {<br \/>      margin-bottom: 10px;<br \/>    }<br \/>    th {<br \/>      background-color: transparent;<br \/>      position: absolute;<br \/>      top: -9999px;<br \/>      left: -9999px;<br \/>    }<br \/>    td {<br \/>      border: none;<br \/>      position: relative;<br \/>      padding-left: 50%;<br \/>      text-align: left;<br \/>    }<br \/>    td:before {<br \/>      \/* Hier f\u00fcgen wir den Inhalt der th Elemente vor den td Elementen ein *\/<br \/>      content: attr(data-title);<br \/>      position: absolute;<br \/>      left: 8px;<br \/>      font-weight: bold;<br \/>      width: 45%;<br \/>      overflow: hidden;<br \/>      text-overflow: ellipsis;<br \/>      white-space: nowrap;<br \/>    }<br \/>  }<br \/><\/style><\/p><h2>Preisliste Klasse B &#8211; Fahrschule SAFE<\/h2><p>Alle Preise sind Stand 01.03.2025. Die komplette Preisliste erhalten Sie auch bei uns in der Fahrschule.<\/p><table><tbody><tr><th>Service<\/th><th>Details<\/th><th>Dauer<\/th><th>Prices<\/th><\/tr><tr><td data-title=\"Leistung\">Anmeldung\u00a0<\/td><td data-title=\"Details\">Theorieunterricht &amp; App inklusive<\/td><td data-title=\"Dauer\">&#8211;<\/td><td data-title=\"Preis\">100,00 \u20ac<\/td><\/tr><tr><td data-title=\"Leistung\">Fahr\u00fcbung<\/td><td data-title=\"Details\">(45 Min. &#8211; 57,86 \u20ac)<\/td><td data-title=\"Dauer\">70 Min.<\/td><td data-title=\"Preis\">90,00 \u20ac<\/td><\/tr><tr><td data-title=\"Leistung\">Pflichtfahrten: \u00dcberlandfahrt<\/td><td data-title=\"Details\">5 x 45 Min. &#8211; 60,00 \u20ac\u00a0<\/td><td data-title=\"Dauer\">225 Min.<\/td><td data-title=\"Preis\">300,00 \u20ac<\/td><\/tr><tr><td data-title=\"Leistung\">Pflichtfahrten: Autobahnfahrt<\/td><td data-title=\"Details\">4 x 45 Min. &#8211; 60,00 \u20ac\u00a0<\/td><td data-title=\"Dauer\">220 Min.<\/td><td data-title=\"Preis\">290,00 \u20ac<\/td><\/tr><tr><td data-title=\"Leistung\">Pflichtfahrten: Nachtfahrt<\/td><td data-title=\"Details\">3 x 45 Min. &#8211; 60,00 \u20ac<\/td><td data-title=\"Dauer\">135 Min.<\/td><td data-title=\"Preis\">180,00 \u20ac<\/td><\/tr><tr><td data-title=\"Leistung\">Praktische Pr\u00fcfung (inkl. 60 Min.)<\/td><td data-title=\"Details\">(55 Min. &#8211; 130,00 \u20ac)<\/td><td data-title=\"Dauer\">115 Min.<\/td><td data-title=\"Preis\">249,00 \u20ac<\/td><\/tr><tr><td data-title=\"Leistung\">Testfahrt (B197)<\/td><td data-title=\"Details\">&#8211;<\/td><td data-title=\"Dauer\">20 Min.<\/td><td data-title=\"Preis\">50,00 \u20ac<\/td><\/tr><tr><td data-title=\"Leistung\">Pr\u00fcfgeb\u00fchr Dekra \/ T\u00dcV Theorie<\/td><td data-title=\"Details\">&#8211;<\/td><td data-title=\"Dauer\">&#8211;<\/td><td data-title=\"Preis\">24,99 \u20ac<\/td><\/tr><tr><td data-title=\"Leistung\">Pr\u00fcfgeb\u00fchr Dekra \/ T\u00dcV Praktisch<\/td><td data-title=\"Details\">&#8211;<\/td><td data-title=\"Dauer\">&#8211;<\/td><td data-title=\"Preis\">129,83 \u20ac<\/td><\/tr><tr><td data-title=\"Leistung\">Gesamtsumme Pr\u00fcfgeb\u00fchren<\/td><td data-title=\"Details\">&#8211;<\/td><td data-title=\"Dauer\">&#8211;<\/td><td data-title=\"Preis\">154,82 \u20ac<\/td><\/tr><\/tbody><\/table><p>Die Anzahl der Fahrstunden variiert je nach Lernfortschritt und Bedarf des Fahrsch\u00fclers. F\u00fcr den Abschluss der Ausbildung und Vorbereitung auf die praktische Pr\u00fcfung sind weitere kostenpflichtige Ausbildungsstunden gem\u00e4\u00df Preisaushang notwendig.<\/p>\t\t\t\t\t\t\t\t<\/div>\n\t\t\t\t<\/div>\n\t\t\t\t<\/div>\n\t\t<div class=\"elementor-element elementor-element-19f8d7e e-flex e-con-boxed e-con e-parent\" data-id=\"19f8d7e\" data-element_type=\"container\">\n\t\t\t\t\t<div class=\"e-con-inner\">\n\t\t\t\t\t<\/div>\n\t\t\t\t<\/div>\n\t\t\t\t<section class=\"elementor-section elementor-top-section elementor-element elementor-element-31e3de9a envato-kit-141-top-0 elementor-section-boxed elementor-section-height-default elementor-section-height-default\" data-id=\"31e3de9a\" data-element_type=\"section\" data-settings=\"{&quot;background_background&quot;:&quot;classic&quot;}\">\n\t\t\t\t\t\t\t<div class=\"elementor-background-overlay\"><\/div>\n\t\t\t\t\t\t\t<div class=\"elementor-container elementor-column-gap-wider\">\n\t\t\t\t\t<div class=\"elementor-column elementor-col-100 elementor-top-column elementor-element elementor-element-79744290\" data-id=\"79744290\" data-element_type=\"column\" id=\"Kontakt\">\n\t\t\t<div class=\"elementor-widget-wrap elementor-element-populated\">\n\t\t\t\t\t\t<div class=\"elementor-element elementor-element-156543ca elementor-invisible elementor-widget elementor-widget-heading\" data-id=\"156543ca\" data-element_type=\"widget\" data-settings=\"{&quot;_animation&quot;:&quot;fadeIn&quot;,&quot;_animation_delay&quot;:100}\" data-widget_type=\"heading.default\">\n\t\t\t\t<div class=\"elementor-widget-container\">\n\t\t\t\t\t<h2 class=\"elementor-heading-title elementor-size-default\">Are you interested?<\/h2>\t\t\t\t<\/div>\n\t\t\t\t<\/div>\n\t\t\t\t<div class=\"elementor-element elementor-element-4c5ea65 elementor-widget-divider--view-line elementor-invisible elementor-widget elementor-widget-divider\" data-id=\"4c5ea65\" data-element_type=\"widget\" data-settings=\"{&quot;_animation&quot;:&quot;fadeIn&quot;,&quot;_animation_delay&quot;:200}\" data-widget_type=\"divider.default\">\n\t\t\t\t<div class=\"elementor-widget-container\">\n\t\t\t\t\t\t\t<div class=\"elementor-divider\">\n\t\t\t<span class=\"elementor-divider-separator\">\n\t\t\t\t\t\t<\/span>\n\t\t<\/div>\n\t\t\t\t\t\t<\/div>\n\t\t\t\t<\/div>\n\t\t\t\t<div class=\"elementor-element elementor-element-1b4530bf elementor-invisible elementor-widget elementor-widget-heading\" data-id=\"1b4530bf\" data-element_type=\"widget\" data-settings=\"{&quot;_animation&quot;:&quot;fadeIn&quot;,&quot;_animation_delay&quot;:250}\" data-widget_type=\"heading.default\">\n\t\t\t\t<div class=\"elementor-widget-container\">\n\t\t\t\t\t<h2 class=\"elementor-heading-title elementor-size-default\">Fill out the form or visit us in one of our two branches. It will be a pleasure to help you to gain your driver's license.<\/h2>\t\t\t\t<\/div>\n\t\t\t\t<\/div>\n\t\t\t\t\t<\/div>\n\t\t<\/div>\n\t\t\t\t\t<\/div>\n\t\t<\/section>\n\t\t\t\t<section class=\"elementor-section elementor-top-section elementor-element elementor-element-57469fbf envato-kit-141-top-0 elementor-section-content-middle elementor-section-boxed elementor-section-height-default elementor-section-height-default\" data-id=\"57469fbf\" data-element_type=\"section\" data-settings=\"{&quot;background_background&quot;:&quot;classic&quot;}\">\n\t\t\t\t\t\t\t<div class=\"elementor-background-overlay\"><\/div>\n\t\t\t\t\t\t\t<div class=\"elementor-container elementor-column-gap-wider\">\n\t\t\t\t\t<div class=\"elementor-column elementor-col-50 elementor-top-column elementor-element elementor-element-18afac6\" data-id=\"18afac6\" data-element_type=\"column\">\n\t\t\t<div class=\"elementor-widget-wrap elementor-element-populated\">\n\t\t\t\t\t\t<section class=\"elementor-section elementor-inner-section elementor-element elementor-element-88685d2 elementor-section-boxed elementor-section-height-default elementor-section-height-default\" data-id=\"88685d2\" data-element_type=\"section\">\n\t\t\t\t\t\t<div class=\"elementor-container elementor-column-gap-no\">\n\t\t\t\t\t<div class=\"elementor-column elementor-col-100 elementor-inner-column elementor-element elementor-element-ec24aaf elementor-invisible\" data-id=\"ec24aaf\" data-element_type=\"column\" data-settings=\"{&quot;animation&quot;:&quot;fadeIn&quot;,&quot;animation_delay&quot;:150}\">\n\t\t\t<div class=\"elementor-widget-wrap elementor-element-populated\">\n\t\t\t\t\t\t<div class=\"elementor-element elementor-element-7442ec2 elementor-widget elementor-widget-heading\" data-id=\"7442ec2\" data-element_type=\"widget\" data-widget_type=\"heading.default\">\n\t\t\t\t<div class=\"elementor-widget-container\">\n\t\t\t\t\t<h2 class=\"elementor-heading-title elementor-size-default\">Fahrschule Safe I<\/h2>\t\t\t\t<\/div>\n\t\t\t\t<\/div>\n\t\t\t\t<div class=\"elementor-element elementor-element-d12f509 elementor-icon-list--layout-traditional elementor-list-item-link-full_width elementor-widget elementor-widget-icon-list\" data-id=\"d12f509\" data-element_type=\"widget\" data-widget_type=\"icon-list.default\">\n\t\t\t\t<div class=\"elementor-widget-container\">\n\t\t\t\t\t\t\t<ul class=\"elementor-icon-list-items\">\n\t\t\t\t\t\t\t<li class=\"elementor-icon-list-item\">\n\t\t\t\t\t\t\t\t\t\t\t<span class=\"elementor-icon-list-icon\">\n\t\t\t\t\t\t\t<svg aria-hidden=\"true\" class=\"e-font-icon-svg e-fas-map-marker-alt\" viewbox=\"0 0 384 512\" xmlns=\"http:\/\/www.w3.org\/2000\/svg\"><path d=\"M172.268 501.67C26.97 291.031 0 269.413 0 192 0 85.961 85.961 0 192 0s192 85.961 192 192c0 77.413-26.97 99.031-172.268 309.67-9.535 13.774-29.93 13.773-39.464 0zM192 272c44.183 0 80-35.817 80-80s-35.817-80-80-80-80 35.817-80 80 35.817 80 80 80z\"><\/path><\/svg>\t\t\t\t\t\t<\/span>\n\t\t\t\t\t\t\t\t\t\t<span class=\"elementor-icon-list-text\">Friedrichstra\u00dfe 11,<br>10969 Berlin<\/span>\n\t\t\t\t\t\t\t\t\t<\/li>\n\t\t\t\t\t\t\t\t<li class=\"elementor-icon-list-item\">\n\t\t\t\t\t\t\t\t\t\t\t<span class=\"elementor-icon-list-icon\">\n\t\t\t\t\t\t\t<svg aria-hidden=\"true\" class=\"e-font-icon-svg e-fas-phone-alt\" viewbox=\"0 0 512 512\" xmlns=\"http:\/\/www.w3.org\/2000\/svg\"><path d=\"M497.39 361.8l-112-48a24 24 0 0 0-28 6.9l-49.6 60.6A370.66 370.66 0 0 1 130.6 204.11l60.6-49.6a23.94 23.94 0 0 0 6.9-28l-48-112A24.16 24.16 0 0 0 122.6.61l-104 24A24 24 0 0 0 0 48c0 256.5 207.9 464 464 464a24 24 0 0 0 23.4-18.6l24-104a24.29 24.29 0 0 0-14.01-27.6z\"><\/path><\/svg>\t\t\t\t\t\t<\/span>\n\t\t\t\t\t\t\t\t\t\t<span class=\"elementor-icon-list-text\">030 544 81 809<\/span>\n\t\t\t\t\t\t\t\t\t<\/li>\n\t\t\t\t\t\t\t\t<li class=\"elementor-icon-list-item\">\n\t\t\t\t\t\t\t\t\t\t\t<span class=\"elementor-icon-list-icon\">\n\t\t\t\t\t\t\t<svg aria-hidden=\"true\" class=\"e-font-icon-svg e-far-envelope-open\" viewbox=\"0 0 512 512\" xmlns=\"http:\/\/www.w3.org\/2000\/svg\"><path d=\"M494.586 164.516c-4.697-3.883-111.723-89.95-135.251-108.657C337.231 38.191 299.437 0 256 0c-43.205 0-80.636 37.717-103.335 55.859-24.463 19.45-131.07 105.195-135.15 108.549A48.004 48.004 0 0 0 0 201.485V464c0 26.51 21.49 48 48 48h416c26.51 0 48-21.49 48-48V201.509a48 48 0 0 0-17.414-36.993zM464 458a6 6 0 0 1-6 6H54a6 6 0 0 1-6-6V204.347c0-1.813.816-3.526 2.226-4.665 15.87-12.814 108.793-87.554 132.364-106.293C200.755 78.88 232.398 48 256 48c23.693 0 55.857 31.369 73.41 45.389 23.573 18.741 116.503 93.493 132.366 106.316a5.99 5.99 0 0 1 2.224 4.663V458zm-31.991-187.704c4.249 5.159 3.465 12.795-1.745 16.981-28.975 23.283-59.274 47.597-70.929 56.863C336.636 362.283 299.205 400 256 400c-43.452 0-81.287-38.237-103.335-55.86-11.279-8.967-41.744-33.413-70.927-56.865-5.21-4.187-5.993-11.822-1.745-16.981l15.258-18.528c4.178-5.073 11.657-5.843 16.779-1.726 28.618 23.001 58.566 47.035 70.56 56.571C200.143 320.631 232.307 352 256 352c23.602 0 55.246-30.88 73.41-45.389 11.994-9.535 41.944-33.57 70.563-56.568 5.122-4.116 12.601-3.346 16.778 1.727l15.258 18.526z\"><\/path><\/svg>\t\t\t\t\t\t<\/span>\n\t\t\t\t\t\t\t\t\t\t<span class=\"elementor-icon-list-text\">info@fahrschulesafe.de<\/span>\n\t\t\t\t\t\t\t\t\t<\/li>\n\t\t\t\t\t\t<\/ul>\n\t\t\t\t\t\t<\/div>\n\t\t\t\t<\/div>\n\t\t\t\t\t<\/div>\n\t\t<\/div>\n\t\t\t\t\t<\/div>\n\t\t<\/section>\n\t\t\t\t<section class=\"elementor-section elementor-inner-section elementor-element elementor-element-74997ba elementor-section-boxed elementor-section-height-default elementor-section-height-default\" data-id=\"74997ba\" data-element_type=\"section\">\n\t\t\t\t\t\t<div class=\"elementor-container elementor-column-gap-no\">\n\t\t\t\t\t<div class=\"elementor-column elementor-col-100 elementor-inner-column elementor-element elementor-element-f35c24a elementor-invisible\" data-id=\"f35c24a\" data-element_type=\"column\" data-settings=\"{&quot;animation&quot;:&quot;fadeIn&quot;,&quot;animation_delay&quot;:150}\">\n\t\t\t<div class=\"elementor-widget-wrap elementor-element-populated\">\n\t\t\t\t\t\t<div class=\"elementor-element elementor-element-cd03649 elementor-widget elementor-widget-heading\" data-id=\"cd03649\" data-element_type=\"widget\" data-widget_type=\"heading.default\">\n\t\t\t\t<div class=\"elementor-widget-container\">\n\t\t\t\t\t<h2 class=\"elementor-heading-title elementor-size-default\">Fahrschule Safe II<\/h2>\t\t\t\t<\/div>\n\t\t\t\t<\/div>\n\t\t\t\t<div class=\"elementor-element elementor-element-fc12df8 elementor-icon-list--layout-traditional elementor-list-item-link-full_width elementor-widget elementor-widget-icon-list\" data-id=\"fc12df8\" data-element_type=\"widget\" data-widget_type=\"icon-list.default\">\n\t\t\t\t<div class=\"elementor-widget-container\">\n\t\t\t\t\t\t\t<ul class=\"elementor-icon-list-items\">\n\t\t\t\t\t\t\t<li class=\"elementor-icon-list-item\">\n\t\t\t\t\t\t\t\t\t\t\t<span class=\"elementor-icon-list-icon\">\n\t\t\t\t\t\t\t<svg aria-hidden=\"true\" class=\"e-font-icon-svg e-fas-map-marker-alt\" viewbox=\"0 0 384 512\" xmlns=\"http:\/\/www.w3.org\/2000\/svg\"><path d=\"M172.268 501.67C26.97 291.031 0 269.413 0 192 0 85.961 85.961 0 192 0s192 85.961 192 192c0 77.413-26.97 99.031-172.268 309.67-9.535 13.774-29.93 13.773-39.464 0zM192 272c44.183 0 80-35.817 80-80s-35.817-80-80-80-80 35.817-80 80 35.817 80 80 80z\"><\/path><\/svg>\t\t\t\t\t\t<\/span>\n\t\t\t\t\t\t\t\t\t\t<span class=\"elementor-icon-list-text\">Weitlingstr. 29 <br>10317 Berlin<\/span>\n\t\t\t\t\t\t\t\t\t<\/li>\n\t\t\t\t\t\t\t\t<li class=\"elementor-icon-list-item\">\n\t\t\t\t\t\t\t\t\t\t\t<span class=\"elementor-icon-list-icon\">\n\t\t\t\t\t\t\t<svg aria-hidden=\"true\" class=\"e-font-icon-svg e-fas-phone-alt\" viewbox=\"0 0 512 512\" xmlns=\"http:\/\/www.w3.org\/2000\/svg\"><path d=\"M497.39 361.8l-112-48a24 24 0 0 0-28 6.9l-49.6 60.6A370.66 370.66 0 0 1 130.6 204.11l60.6-49.6a23.94 23.94 0 0 0 6.9-28l-48-112A24.16 24.16 0 0 0 122.6.61l-104 24A24 24 0 0 0 0 48c0 256.5 207.9 464 464 464a24 24 0 0 0 23.4-18.6l24-104a24.29 24.29 0 0 0-14.01-27.6z\"><\/path><\/svg>\t\t\t\t\t\t<\/span>\n\t\t\t\t\t\t\t\t\t\t<span class=\"elementor-icon-list-text\">030 569 77 594<\/span>\n\t\t\t\t\t\t\t\t\t<\/li>\n\t\t\t\t\t\t\t\t<li class=\"elementor-icon-list-item\">\n\t\t\t\t\t\t\t\t\t\t\t<span class=\"elementor-icon-list-icon\">\n\t\t\t\t\t\t\t<svg aria-hidden=\"true\" class=\"e-font-icon-svg e-far-envelope-open\" viewbox=\"0 0 512 512\" xmlns=\"http:\/\/www.w3.org\/2000\/svg\"><path d=\"M494.586 164.516c-4.697-3.883-111.723-89.95-135.251-108.657C337.231 38.191 299.437 0 256 0c-43.205 0-80.636 37.717-103.335 55.859-24.463 19.45-131.07 105.195-135.15 108.549A48.004 48.004 0 0 0 0 201.485V464c0 26.51 21.49 48 48 48h416c26.51 0 48-21.49 48-48V201.509a48 48 0 0 0-17.414-36.993zM464 458a6 6 0 0 1-6 6H54a6 6 0 0 1-6-6V204.347c0-1.813.816-3.526 2.226-4.665 15.87-12.814 108.793-87.554 132.364-106.293C200.755 78.88 232.398 48 256 48c23.693 0 55.857 31.369 73.41 45.389 23.573 18.741 116.503 93.493 132.366 106.316a5.99 5.99 0 0 1 2.224 4.663V458zm-31.991-187.704c4.249 5.159 3.465 12.795-1.745 16.981-28.975 23.283-59.274 47.597-70.929 56.863C336.636 362.283 299.205 400 256 400c-43.452 0-81.287-38.237-103.335-55.86-11.279-8.967-41.744-33.413-70.927-56.865-5.21-4.187-5.993-11.822-1.745-16.981l15.258-18.528c4.178-5.073 11.657-5.843 16.779-1.726 28.618 23.001 58.566 47.035 70.56 56.571C200.143 320.631 232.307 352 256 352c23.602 0 55.246-30.88 73.41-45.389 11.994-9.535 41.944-33.57 70.563-56.568 5.122-4.116 12.601-3.346 16.778 1.727l15.258 18.526z\"><\/path><\/svg>\t\t\t\t\t\t<\/span>\n\t\t\t\t\t\t\t\t\t\t<span class=\"elementor-icon-list-text\">info@fahrschulesafe.de<\/span>\n\t\t\t\t\t\t\t\t\t<\/li>\n\t\t\t\t\t\t<\/ul>\n\t\t\t\t\t\t<\/div>\n\t\t\t\t<\/div>\n\t\t\t\t\t<\/div>\n\t\t<\/div>\n\t\t\t\t\t<\/div>\n\t\t<\/section>\n\t\t\t\t\t<\/div>\n\t\t<\/div>\n\t\t\t\t<div class=\"elementor-column elementor-col-50 elementor-top-column elementor-element elementor-element-10d6323e envato-kit-141-newsletter-inline elementor-invisible\" data-id=\"10d6323e\" data-element_type=\"column\" data-settings=\"{&quot;background_background&quot;:&quot;classic&quot;,&quot;animation&quot;:&quot;pulse&quot;,&quot;animation_delay&quot;:200}\">\n\t\t\t<div class=\"elementor-widget-wrap elementor-element-populated\">\n\t\t\t\t\t\t<div class=\"elementor-element elementor-element-28c9c376 elementor-widget elementor-widget-heading\" data-id=\"28c9c376\" data-element_type=\"widget\" data-widget_type=\"heading.default\">\n\t\t\t\t<div class=\"elementor-widget-container\">\n\t\t\t\t\t<h2 class=\"elementor-heading-title elementor-size-default\">Send us a message<\/h2>\t\t\t\t<\/div>\n\t\t\t\t<\/div>\n\t\t\t\t<div class=\"elementor-element elementor-element-387a039e elementor-widget-divider--view-line elementor-widget elementor-widget-divider\" data-id=\"387a039e\" data-element_type=\"widget\" data-widget_type=\"divider.default\">\n\t\t\t\t<div class=\"elementor-widget-container\">\n\t\t\t\t\t\t\t<div class=\"elementor-divider\">\n\t\t\t<span class=\"elementor-divider-separator\">\n\t\t\t\t\t\t<\/span>\n\t\t<\/div>\n\t\t\t\t\t\t<\/div>\n\t\t\t\t<\/div>\n\t\t\t\t\t<\/div>\n\t\t<\/div>\n\t\t\t\t\t<\/div>\n\t\t<\/section>\n\t\t\t\t<\/div>\n\t\t\n    <div class=\"xs_social_share_widget xs_share_url after_content \t\tmain_content  wslu-style-1 wslu-share-box-shaped wslu-fill-colored wslu-none wslu-share-horizontal wslu-theme-font-no wslu-main_content\">\n\n\t\t\n        <ul>\n\t\t\t        <\/ul>\n    <\/div>","protected":false},"excerpt":{"rendered":"<p>Unsere Angebote Jetzt Anmelden und nicht verpassen! Preisliste Klasse B &#8211; Fahrschule SAFE Alle Preise sind Stand 01.03.2025. Die komplette Preisliste erhalten Sie auch bei uns in der Fahrschule. Leistung [&hellip;]<\/p>\n","protected":false},"author":1,"featured_media":0,"parent":0,"menu_order":0,"comment_status":"closed","ping_status":"closed","template":"","meta":{"postBodyCss":"","postBodyMargin":[],"postBodyPadding":[],"postBodyBackground":{"backgroundType":"classic","gradient":""},"footnotes":""},"_links":{"self":[{"href":"https:\/\/fahrschulesafe.de\/en\/wp-json\/wp\/v2\/pages\/43"}],"collection":[{"href":"https:\/\/fahrschulesafe.de\/en\/wp-json\/wp\/v2\/pages"}],"about":[{"href":"https:\/\/fahrschulesafe.de\/en\/wp-json\/wp\/v2\/types\/page"}],"author":[{"embeddable":true,"href":"https:\/\/fahrschulesafe.de\/en\/wp-json\/wp\/v2\/users\/1"}],"replies":[{"embeddable":true,"href":"https:\/\/fahrschulesafe.de\/en\/wp-json\/wp\/v2\/comments?post=43"}],"version-history":[{"count":190,"href":"https:\/\/fahrschulesafe.de\/en\/wp-json\/wp\/v2\/pages\/43\/revisions"}],"predecessor-version":[{"id":10548,"href":"https:\/\/fahrschulesafe.de\/en\/wp-json\/wp\/v2\/pages\/43\/revisions\/10548"}],"wp:attachment":[{"href":"https:\/\/fahrschulesafe.de\/en\/wp-json\/wp\/v2\/media?parent=43"}],"curies":[{"name":"wp","href":"https:\/\/api.w.org\/{rel}","templated":true}]}}