{"id":38,"date":"2019-09-17T11:45:18","date_gmt":"2019-09-17T09:45:18","guid":{"rendered":"https:\/\/brings-online.com\/demo\/wordpress-theme-fahrschule\/?page_id=38"},"modified":"2023-11-06T19:48:02","modified_gmt":"2023-11-06T19:48:02","slug":"ueber-uns","status":"publish","type":"page","link":"https:\/\/fahrschulesafe.de\/en\/ueber-uns\/","title":{"rendered":"About Us"},"content":{"rendered":"\t\t<div data-elementor-type=\"wp-page\" data-elementor-id=\"38\" class=\"elementor elementor-38\">\n\t\t\t\t\t\t<section class=\"elementor-section elementor-top-section elementor-element elementor-element-744e0088 elementor-section-boxed elementor-section-height-default elementor-section-height-default elementor-invisible\" data-id=\"744e0088\" data-element_type=\"section\" data-settings=\"{&quot;background_background&quot;:&quot;classic&quot;,&quot;animation&quot;:&quot;fadeIn&quot;}\">\n\t\t\t\t\t\t\t<div class=\"elementor-background-overlay\"><\/div>\n\t\t\t\t\t\t\t<div class=\"elementor-container elementor-column-gap-default\">\n\t\t\t\t\t<div class=\"elementor-column elementor-col-100 elementor-top-column elementor-element elementor-element-40b2ce2f\" data-id=\"40b2ce2f\" data-element_type=\"column\">\n\t\t\t<div class=\"elementor-widget-wrap elementor-element-populated\">\n\t\t\t\t\t\t<div class=\"elementor-element elementor-element-7e19c5a1 animated-fast elementor-invisible elementor-widget elementor-widget-heading\" data-id=\"7e19c5a1\" data-element_type=\"widget\" data-settings=\"{&quot;_animation&quot;:&quot;fadeInLeft&quot;}\" data-widget_type=\"heading.default\">\n\t\t\t\t<div class=\"elementor-widget-container\">\n\t\t\t\t\t<h1 class=\"elementor-heading-title elementor-size-default\">\u00dcber Uns<\/h1>\t\t\t\t<\/div>\n\t\t\t\t<\/div>\n\t\t\t\t<div class=\"elementor-element elementor-element-5735138c elementor-widget-mobile__width-inherit animated-fast elementor-invisible elementor-widget elementor-widget-text-editor\" data-id=\"5735138c\" data-element_type=\"widget\" data-settings=\"{&quot;_animation&quot;:&quot;fadeInUp&quot;}\" data-widget_type=\"text-editor.default\">\n\t\t\t\t<div class=\"elementor-widget-container\">\n\t\t\t\t\t\t\t\t\t<p>Unsere Geschichte, unser Engagement, deine Fahrschule.<\/p>\t\t\t\t\t\t\t\t<\/div>\n\t\t\t\t<\/div>\n\t\t\t\t\t<\/div>\n\t\t<\/div>\n\t\t\t\t\t<\/div>\n\t\t<\/section>\n\t\t\t\t<section class=\"elementor-section elementor-top-section elementor-element elementor-element-1b4d9858 elementor-section-boxed elementor-section-height-default elementor-section-height-default\" data-id=\"1b4d9858\" data-element_type=\"section\">\n\t\t\t\t\t\t<div class=\"elementor-container elementor-column-gap-default\">\n\t\t\t\t\t<div class=\"elementor-column elementor-col-100 elementor-top-column elementor-element elementor-element-22456ae9\" data-id=\"22456ae9\" data-element_type=\"column\">\n\t\t\t<div class=\"elementor-widget-wrap elementor-element-populated\">\n\t\t\t\t\t\t<div class=\"elementor-element elementor-element-4236e632 animated-fast elementor-invisible elementor-widget elementor-widget-heading\" data-id=\"4236e632\" data-element_type=\"widget\" data-settings=\"{&quot;_animation&quot;:&quot;fadeInLeft&quot;}\" data-widget_type=\"heading.default\">\n\t\t\t\t<div class=\"elementor-widget-container\">\n\t\t\t\t\t<h1 class=\"elementor-heading-title elementor-size-default\">Fahrschule Safe <\/h1>\t\t\t\t<\/div>\n\t\t\t\t<\/div>\n\t\t\t\t<div class=\"elementor-element elementor-element-3cce75 animated-fast elementor-invisible elementor-widget elementor-widget-text-editor\" data-id=\"3cce75\" data-element_type=\"widget\" data-settings=\"{&quot;_animation&quot;:&quot;fadeInLeft&quot;}\" data-widget_type=\"text-editor.default\">\n\t\t\t\t<div class=\"elementor-widget-container\">\n\t\t\t\t\t\t\t\t\t<div class=\"flex-1 overflow-hidden\"><div class=\"react-scroll-to-bottom--css-exhdj-79elbk h-full dark:bg-gray-800\"><div class=\"react-scroll-to-bottom--css-exhdj-1n7m0yu\"><div class=\"flex flex-col text-sm gizmo:pb-9 dark:bg-gray-800\"><div class=\"group w-full text-token-text-primary border-b border-black\/10 gizmo:border-0 dark:border-gray-900\/50 gizmo:dark:border-0 bg-gray-50 gizmo:bg-transparent dark:bg-[#444654] gizmo:dark:bg-transparent\" data-testid=\"conversation-turn-3\"><div class=\"p-4 gizmo:py-2 justify-center text-base md:gap-6 md:py-6 m-auto\"><div class=\"flex flex-1 gap-4 text-base mx-auto md:gap-6 gizmo:gap-3 gizmo:md:px-5 gizmo:lg:px-1 gizmo:xl:px-5 md:max-w-2xl lg:max-w-[38rem] gizmo:md:max-w-3xl gizmo:lg:max-w-[40rem] gizmo:xl:max-w-[48rem] xl:max-w-3xl }\"><div class=\"relative flex w-[calc(100%-50px)] flex-col gizmo:w-full lg:w-[calc(100%-115px)] agent-turn\"><div class=\"flex-col gap-1 md:gap-3\"><div class=\"flex flex-grow flex-col gap-3 max-w-full\"><div class=\"min-h-[20px] flex flex-col items-start gap-3 whitespace-pre-wrap break-words overflow-x-auto\"><div class=\"markdown prose w-full break-words dark:prose-invert light\"><p>Dein vertrauensw\u00fcrdiger Partner auf der Stra\u00dfe!<\/p><p>Seit 2013 sind wir in der Friedrichstra\u00dfe 11 in Berlin Kreuzberg-Mitte aktiv und seit 2023 unter unserem neuen Namen &#8222;Fahrschule SAFE&#8220;. Unsere langj\u00e4hrige Erfahrung und unser engagiertes Team von Fahrlehrern machen uns zur Top-Wahl f\u00fcr Fahrsch\u00fcler in Berlin.<\/p><p>Unsere Fahrlehrer sind nicht nur kompetent, sondern auch p\u00e4dagogisch geschult, um individuell auf deine Bed\u00fcrfnisse einzugehen. Selbst wenn du zu den \u00e4ngstlichen Fahrsch\u00fclern geh\u00f6rst, kannst du auf unsere Geduld und unser Einf\u00fchlungsverm\u00f6gen z\u00e4hlen. Deine Sicherheit im Stra\u00dfenverkehr hat f\u00fcr uns h\u00f6chste Priorit\u00e4t, und wir werden dich gr\u00fcndlich darauf vorbereiten, sicher und selbstbewusst zu fahren \u2013 selbst in den anspruchsvollen Stra\u00dfen Berlins. Fahrschule Safe: Dein sicherer Hafen auf der Stra\u00dfe!<\/p><p>Mit einem Team aus 2 Fahrlehrerinnen und 8 Fahrlehrern bieten wir dir nicht nur eine breite Auswahl an m\u00f6glichen Fahrstunden, sondern auch die M\u00f6glichkeit, den f\u00fcr dich perfekten Fahrlehrer zu finden. Wir unterrichten in den Sprachen Deutsch, Englisch, Arabisch und T\u00fcrkisch, um sicherzustellen, dass du dich w\u00e4hrend des Unterrichts bestens verst\u00e4ndigen kannst.<\/p><p>Im November 2023 haben wir stolz unsere zweite Filiale er\u00f6ffnet, &#8222;Fahrschule Safe 2&#8220;, in der Weitlingstra\u00dfe 29, 10317 Berlin in Lichtenberg. Unser Ziel ist es, weiter zu wachsen und unseren Fahrsch\u00fclern erstklassigen Service und hochwertige Ausbildung zu bieten.<\/p><\/div><\/div><\/div><\/div><\/div><\/div><\/div><\/div><\/div><\/div><\/div><\/div>\t\t\t\t\t\t\t\t<\/div>\n\t\t\t\t<\/div>\n\t\t\t\t\t<\/div>\n\t\t<\/div>\n\t\t\t\t\t<\/div>\n\t\t<\/section>\n\t\t\t\t<\/div>\n\t\t\n    <div class=\"xs_social_share_widget xs_share_url after_content \t\tmain_content  wslu-style-1 wslu-share-box-shaped wslu-fill-colored wslu-none wslu-share-horizontal wslu-theme-font-no wslu-main_content\">\n\n\t\t\n        <ul>\n\t\t\t        <\/ul>\n    <\/div> \n","protected":false},"excerpt":{"rendered":"<p>\u00dcber Uns Unsere Geschichte, unser Engagement, deine Fahrschule. Fahrschule Safe Dein vertrauensw\u00fcrdiger Partner auf der Stra\u00dfe! Seit 2013 sind wir in der Friedrichstra\u00dfe 11 in Berlin Kreuzberg-Mitte aktiv und seit [&hellip;]<\/p>\n","protected":false},"author":1,"featured_media":0,"parent":0,"menu_order":0,"comment_status":"closed","ping_status":"closed","template":"","meta":{"postBodyCss":"","postBodyMargin":[],"postBodyPadding":[],"postBodyBackground":{"backgroundType":"classic","gradient":""},"footnotes":""},"_links":{"self":[{"href":"https:\/\/fahrschulesafe.de\/en\/wp-json\/wp\/v2\/pages\/38"}],"collection":[{"href":"https:\/\/fahrschulesafe.de\/en\/wp-json\/wp\/v2\/pages"}],"about":[{"href":"https:\/\/fahrschulesafe.de\/en\/wp-json\/wp\/v2\/types\/page"}],"author":[{"embeddable":true,"href":"https:\/\/fahrschulesafe.de\/en\/wp-json\/wp\/v2\/users\/1"}],"replies":[{"embeddable":true,"href":"https:\/\/fahrschulesafe.de\/en\/wp-json\/wp\/v2\/comments?post=38"}],"version-history":[{"count":6,"href":"https:\/\/fahrschulesafe.de\/en\/wp-json\/wp\/v2\/pages\/38\/revisions"}],"predecessor-version":[{"id":8178,"href":"https:\/\/fahrschulesafe.de\/en\/wp-json\/wp\/v2\/pages\/38\/revisions\/8178"}],"wp:attachment":[{"href":"https:\/\/fahrschulesafe.de\/en\/wp-json\/wp\/v2\/media?parent=38"}],"curies":[{"name":"wp","href":"https:\/\/api.w.org\/{rel}","templated":true}]}}